{"id":488,"date":"2021-09-30T21:31:45","date_gmt":"2021-09-30T21:31:45","guid":{"rendered":"http:\/\/mariusclemens.com\/?page_id=488"},"modified":"2021-09-30T22:23:11","modified_gmt":"2021-09-30T22:23:11","slug":"forecasts","status":"publish","type":"page","link":"https:\/\/mariusclemens.com\/?page_id=488","title":{"rendered":"Forecasts"},"content":{"rendered":"<div id=\"pl-488\"  class=\"panel-layout\" ><div id=\"pg-488-0\"  class=\"panel-grid panel-no-style\" ><div id=\"pgc-488-0-0\"  class=\"panel-grid-cell\" ><div id=\"panel-488-0-0-0\" class=\"so-panel widget widget_origin_list panel-first-child panel-last-child\" data-index=\"0\" ><div class=\"origin-widget origin-widget-list origin-widget-list-simple-charcoal\"><h3 class=\"widget-title\">DIW Grundlinien<\/h3><p>2021, \"<B><A HREF=\"https:\/\/ideas.repec.org\/a\/diw\/diwwob\/88-23-3.html\">Deutsche Wirtschaft: Konjunkturmotor springt an, aber Unwucht im Getriebe: Grundlinien der Wirtschaftsentwicklung im Sommer 2021<\/A><\/B>,\" <A HREF=\"https:\/\/ideas.repec.org\/s\/diw\/diwwob.html\">DIW Wochenbericht<\/A>, DIW Berlin, German Institute for Economic Research, vol. 88(23\/24), pages 400-410. english: \"<B><A HREF=\"https:\/\/ideas.repec.org\/a\/diw\/diwdwr\/dwr11-23-3.html\">German Economy: Uncertainty Remains despite Rebound: DIW Economic Outlook Summer 2021<\/A><\/B>\".<\/p>\n<p>2021, \"<B><A HREF=\"https:\/\/ideas.repec.org\/a\/diw\/diwwob\/88-11-3.html\">Deutsche Wirtschaft zwischen Lockdown und Normalit\u00e4t: Grundlinien der Wirtschaftsentwicklung im Fr\u00fchjahr 2021<\/A><\/B>,\" <A HREF=\"https:\/\/ideas.repec.org\/s\/diw\/diwwob.html\">DIW Wochenbericht<\/A>, DIW Berlin, German Institute for Economic Research, vol. 88(11), pages 190-208. english: \"<B><A HREF=\"https:\/\/ideas.repec.org\/a\/diw\/diwdwr\/dwr11-11-3.html\">German Economy between Lockdowns and Normality: DIW Economic Outlook Spring 2021<\/A><\/B>\".<\/p>\n<p>2020, \"<B><A HREF=\"https:\/\/ideas.repec.org\/a\/diw\/diwwob\/87-50-3.html\">Deutsche Wirtschaft: Hoffnung trotz R\u00fcckschlag zum Jahresende: Grundlinien der Wirtschaftsentwicklung im Winter 2020<\/A><\/B>,\" <A HREF=\"https:\/\/ideas.repec.org\/s\/diw\/diwwob.html\">DIW Wochenbericht<\/A>, DIW Berlin, German Institute for Economic Research, vol. 87(50), pages 940-954. english: \"<B><A HREF=\"https:\/\/ideas.repec.org\/a\/diw\/diwdwr\/dwr10-50-3.html\">German Economy: Optimistic despite Decline as 2020 Ends: DIW Economic Outlook<\/A><\/B>\".<\/p>\n<p>2020, \"<B><A HREF=\"https:\/\/ideas.repec.org\/a\/diw\/diwwob\/87-37-3.html\">Deutsche Wirtschaft: Auf dem langen Weg zur\u00fcck in die Normalit\u00e4t: Grundlinien der Wirtschaftsentwicklung im Herbst 2020<\/A><\/B>,\" <A HREF=\"https:\/\/ideas.repec.org\/s\/diw\/diwwob.html\">DIW Wochenbericht<\/A>, DIW Berlin, German Institute for Economic Research, vol. 87(37), pages 654-674. english: \"<B><A HREF=\"https:\/\/ideas.repec.org\/a\/diw\/diwdwr\/dwr10-37-3.html\">German Economy: On the Long, Slow Road to Normality: DIW Economic Outlook<\/A><\/B>\".<\/p>\n<p>2020, \"<B><A HREF=\"https:\/\/ideas.repec.org\/a\/diw\/diwwob\/87-24-3.html\">Deutsche Wirtschaft: Schleppende Erholung nach tiefem Fall: Grundlinien der Wirtschaftsentwicklung im Sommer 2020<\/A><\/B>,\"<A HREF=\"https:\/\/ideas.repec.org\/s\/diw\/diwwob.html\">DIW Wochenbericht<\/A>, DIW Berlin, German Institute for Economic Research, vol. 87(24), pages 420-436. english: \"<B><A HREF=\"https:\/\/ideas.repec.org\/a\/diw\/diwdwr\/dwr10-24-3.html\">German Economy Slowly Recovering Following a Deep Slump: DIW Economic Outlook<\/A><\/B>\". <\/p>\n<p>2020, \"<B><A HREF=\"https:\/\/ideas.repec.org\/a\/diw\/diwwob\/87-12-3.html\">Deutsche Wirtschaft: Corona-Virus st\u00fcrzt deutsche Wirtschaft in eine Rezession: Grundlinien der Wirtschaftsentwicklung im Fr\u00fchjahr 2020<\/A><\/B>,\" <A HREF=\"https:\/\/ideas.repec.org\/s\/diw\/diwwob.html\">DIW Wochenbericht<\/A>, DIW Berlin, German Institute for Economic Research, vol. 87(12), pages 206-229. english: \"<B><A HREF=\"https:\/\/ideas.repec.org\/a\/diw\/diwdwr\/dwr10-12-3.html\">Coronavirus Plunges the German Economy into Recession: DIW Economic Outlook<\/A><\/B>\".<\/p>\n<p>2019, \"<B><A HREF=\"https:\/\/ideas.repec.org\/a\/diw\/diwwob\/86-50-3.html\">Deutsche Wirtschaft: Industrie k\u00e4mpft sich m\u00fchsam aus der Krise: Grundlinien der Wirtschaftsentwicklung im Winter 2019<\/A><\/B>,\" <A HREF=\"https:\/\/ideas.repec.org\/s\/diw\/diwwob.html\">DIW Wochenbericht<\/A>, DIW Berlin, German Institute for Economic Research, vol. 86(50), pages 936-950. english: \"<B><A HREF=\"https:\/\/ideas.repec.org\/a\/diw\/diwdwr\/dwr9-49-3.html\">German Economy: Industry Struggles to Shake of the Crisis: DIW Economic Outlook<\/A><\/B>\".<\/p>\n<p>2019, \"<B><A HREF=\"https:\/\/ideas.repec.org\/a\/diw\/diwwob\/86-37-3.html\">Deutsche Wirtschaft: Eine Rezession ist noch keine Krise: Grundlinien der Wirtschaftsentwicklung im Herbst 2019<\/A><\/B>,\" <A HREF=\"https:\/\/ideas.repec.org\/s\/diw\/diwwob.html\">DIW Wochenbericht<\/A>, DIW Berlin, German Institute for Economic Research, vol. 86(37), pages 656-677. english: \"<B><A HREF=\"https:\/\/ideas.repec.org\/a\/diw\/diwdwr\/dwr9-37-3.html\">German Economy: A Recession Is Not Automatically a Crisis: DIW Economic Outlook<\/A><\/B>\".<\/p>\n<p>2019, \"<B><A HREF=\"https:\/\/ideas.repec.org\/a\/diw\/diwwob\/86-24-3.html\">Deutsche Wirtschaft trotzt ausgepr\u00e4gten Unsicherheiten: Grundlinien der Wirtschaftsentwicklung im Sommer 2019<\/A><\/B>,\" <A HREF=\"https:\/\/ideas.repec.org\/s\/diw\/diwwob.html\">DIW Wochenbericht<\/A>, DIW Berlin, German Institute for Economic Research, vol. 86(24), pages 416-431. english: \"<B><A HREF=\"https:\/\/ideas.repec.org\/a\/diw\/diwdwr\/dwr9-11-3.html\">German Economy Remaining Strong amidst Uncertainties: DIW Economic Outlook<\/A><\/B>\".<\/p>\n<p>2019, \"<B><A HREF=\"https:\/\/ideas.repec.org\/a\/diw\/diwwob\/86-11-3.html\">Deutsche Wirtschaft derzeit besser als ihr Ruf: Grundlinien der Wirtschaftsentwicklung im Fr\u00fchjahr 2019<\/A><\/B>,\" <A HREF=\"https:\/\/ideas.repec.org\/s\/diw\/diwwob.html\">DIW Wochenbericht<\/A>, DIW Berlin, German Institute for Economic Research, vol. 86(11), pages 162-182. english: \"<B><A HREF=\"https:\/\/ideas.repec.org\/a\/diw\/diwdwr\/dwr9-22-3.html\">German Economy Defying a Turbulent and Uncertain Environment: DIW Economic Outlook<\/A><\/B>\".<\/p>\n<p>2018, \"<B><A HREF=\"https:\/\/ideas.repec.org\/a\/diw\/diwwob\/85-36-3.html\">Deutsche Wirtschaft robust in unsicheren Zeiten: Grundlinien der Wirtschaftsentwicklung im Herbst 2018<\/A><\/B>,\" <A HREF=\"https:\/\/ideas.repec.org\/s\/diw\/diwwob.html\">DIW Wochenbericht<\/A>, DIW Berlin, German Institute for Economic Research, vol. 85(36), pages 762-781. english: \"<B><A HREF=\"https:\/\/ideas.repec.org\/a\/diw\/diwdwr\/dwr8-36-3.html\">German Economy Remaining Robust in Uncertain Times: DIW Economic Outlook<\/A><\/B>\".<\/p>\n<p>2018, \"<B><A HREF=\"https:\/\/ideas.repec.org\/a\/diw\/diwwob\/85-11-3.html\">Politik schiebt florierende deutsche Konjunktur zus\u00e4tzlich an: Grundlinien der Wirtschaftsentwicklung im Fr\u00fchjahr 2018<\/A><\/B>,\" <A HREF=\"https:\/\/ideas.repec.org\/s\/diw\/diwwob.html\">DIW Wochenbericht<\/A>, DIW Berlin, German Institute for Economic Research, vol. 85(11), pages 210-233. english: \"<B><A HREF=\"https:\/\/ideas.repec.org\/a\/diw\/diwdwr\/dwr8-10-3.html\">New Government\u2019s Policies Give the Thriving German Economy an Additional Boost<\/A><\/B>\".<\/p>\n<p>2017, \"<B><A HREF=\"https:\/\/ideas.repec.org\/a\/diw\/diwwob\/84-50-2.html\">Globaler Aufschwung bleibt vorerst intakt: Grundlinien der Wirtschaftsentwicklung im Winter 2017<\/A><\/B>,\" <A HREF=\"https:\/\/ideas.repec.org\/s\/diw\/diwwob.html\">DIW Wochenbericht<\/A>, DIW Berlin, German Institute for Economic Research, vol. 84(50), pages 1152-1160.<\/p>\n<p>2017, \"<B><A HREF=\"https:\/\/ideas.repec.org\/a\/diw\/diwwob\/84-50-3.html\">Deutsche Wirtschaft: Aufschwung hat an Breite gewonnen, wird aber an Fahrt verlieren: Grundlinien der Wirtschaftsentwicklung im Winter 2017<\/A><\/B>,\" english: \"<B><A HREF=\"https:\/\/ideas.repec.org\/a\/diw\/diwdeb\/2017-50-3.html\">German Economy: Upswing Has Gained Breadth but Will Not Hold Pace: DIW Economic Outlook<\/A><\/B>\".<\/p>\n<p>2017, \"<B><A HREF=\"https:\/\/ideas.repec.org\/a\/diw\/diwwob\/84-36-3.html\">Deutsche Wirtschaft bleibt gut ausgelastet: Grundlinien der Wirtschaftsentwicklung im Herbst 2017<\/A><\/B>,\" <A HREF=\"https:\/\/ideas.repec.org\/s\/diw\/diwwob.html\">DIW Wochenbericht<\/A>, DIW Berlin, German Institute for Economic Research, vol. 84(36), pages 715-736. english: \"<B><A HREF=\"https:\/\/ideas.repec.org\/a\/diw\/diwdeb\/2017-36-3.html\">German Economy Still Running at High Capacity: DIW Economic Outlook<\/A><\/B>\".<\/p>\n<p>2017, \"<B><A HREF=\"https:\/\/ideas.repec.org\/a\/diw\/diwwob\/84-11-3.html\">Deutsche Wirtschaft: Besch\u00e4ftigungsaufbau stark, Investitionst\u00e4tigkeit schwach: Grundlinien der Wirtschaftsentwicklung im Fr\u00fchjahr 2017<\/A><\/B>,\" <A HREF=\"https:\/\/ideas.repec.org\/s\/diw\/diwwob.html\">DIW Wochenbericht<\/A>, DIW Berlin, German Institute for Economic Research, vol. 84(11), pages 185-204. english: \"<B><A HREF=\"https:\/\/ideas.repec.org\/a\/diw\/diwdeb\/2017-11-3.html\">German Economy: Strong Employment Growth, Weak Investment Activity: DIW Economic Outlook<\/A><\/B>\".<\/p>\n<p>2016, \"<B><A HREF=\"https:\/\/ideas.repec.org\/a\/diw\/diwwob\/83-50-2.html\">Deutsche Wirtschaft setzt Aufschwung fort \u2013 trotz schw\u00e4cheren Besch\u00e4ftigungsaufbaus: Wintergrundlinien 2016<\/A><\/B>,\" <A HREF=\"https:\/\/ideas.repec.org\/s\/diw\/diwwob.html\">DIW Wochenbericht<\/A>, DIW Berlin, German Institute for Economic Research, vol. 83(50), pages 1177-1188. english: \"<B><A HREF=\"https:\/\/ideas.repec.org\/a\/diw\/diwdeb\/2016-50-2.html\">Despite Weaker Job Market, Germany\u2019s Economic Upswing Continues<\/A><\/B>\".<\/p>\n<p>2016, \"<B><A HREF=\"https:\/\/ideas.repec.org\/a\/diw\/diwwob\/83-36-2.html\">Deutsche Wirtschaft: Aufw\u00e4rtstrend setzt sich fort, Brexit d\u00e4mpft: Herbstgrundlinien 2016<\/A><\/B>,\" <A HREF=\"https:\/\/ideas.repec.org\/s\/diw\/diwwob.html\">DIW Wochenbericht<\/A>, DIW Berlin, German Institute for Economic Research, vol. 83(36), pages 785-804. english: \"<B><A HREF=\"https:\/\/ideas.repec.org\/a\/diw\/diwdeb\/2016-36-2.html\">German Economy: Upward Trend Continues Despite Brexit Vote\u2019s Dampening Effect<\/A><\/B>\".<\/p>\n<p>2016, \"<B><A HREF=\"https:\/\/ideas.repec.org\/a\/diw\/diwwob\/83-24-2.html\">Deutsche Wirtschaft folgt stabilem Aufw\u00e4rtstrend: Sommergrundlinien 2016<\/A><\/B>,\"<br \/>\n<A HREF=\"https:\/\/ideas.repec.org\/s\/diw\/diwwob.html\">DIW Wochenbericht<\/A>, DIW Berlin, German Institute for Economic Research, vol. 83(24\/25), pages 531-538. english: \"<B><A HREF=\"https:\/\/ideas.repec.org\/a\/diw\/diwdeb\/2016-24-2.html\">German Economy on a Stable Growth Path<\/A><\/B>\".<\/p>\n<\/div><\/div><\/div><\/div><div id=\"pg-488-1\"  class=\"panel-grid panel-no-style\" ><div id=\"pgc-488-1-0\"  class=\"panel-grid-cell\" ><div id=\"panel-488-1-0-0\" class=\"so-panel widget widget_origin_list panel-first-child panel-last-child\" data-index=\"1\" ><div class=\"origin-widget origin-widget-list origin-widget-list-simple-charcoal\"><h3 class=\"widget-title\">Gemeinschaftsdiagnose<\/h3><p>2021, \"<B><A HREF=\"https:\/\/gemeinschaftsdiagnose.de\/2021\/04\/15\/pandemie-verzoegert-aufschwung-demografie-bremst-wachstum\/\">Gemeinschaftsdiagnose Fr\u00fchjahr 2021: Pandemie verz\u00f6gert Aufschwung \u2013 Demografie bremst Wachstum<\/A><\/B>,\" Gemeinschaftsdiagnose der f\u00fchrenden Wirtschaftsforschungsinstitute, Essen.<\/p>\n<p>2020, \"<B><A HREF=\"https:\/\/gemeinschaftsdiagnose.de\/2020\/10\/14\/erholung-verliert-an-fahrt-wirtschaft-und-politik-weiter-im-zeichen-der-pandemie\/\">Gemeinschaftsdiagnose Herbst 2020: Erholung verliert an Fahrt \u2013 Wirtschaft und Politik weiter im Zeichen der Pandemie<\/A><\/B>,\" Gemeinschaftsdiagnose der f\u00fchrenden Wirtschaftsforschungsinstitute, Berlin.<\/p>\n<p>2020, \"<B><A HREF=\"https:\/\/gemeinschaftsdiagnose.de\/2020\/04\/08\/wirtschaft-unter-schock-finanzpolitik-haelt-dagegen\/\">Gemeinschaftsdiagnose Fr\u00fchjahr 2020: Wirtschaft unter Schock \u2013 Finanzpolitik h\u00e4lt dagegen<\/A><\/B>,\" Gemeinschaftsdiagnose der f\u00fchrenden Wirtschaftsforschungsinstitute, M\u00fcnchen.<\/p>\n<p>2019, \"<B><A HREF=\"https:\/\/gemeinschaftsdiagnose.de\/2019\/10\/02\/industrie-in-der-rezession-wachstumskraefte-schwinden\/\">Gemeinschaftsdiagnose Herbst 2019: Industrie in der Rezession \u2013 Wachstumskr\u00e4fte schwinden<\/A><\/B>,\" Gemeinschaftsdiagnose der f\u00fchrenden Wirtschaftsforschungsinstitute, Berlin.<\/p>\n<p>2019, \"<B><A HREF=\"https:\/\/gemeinschaftsdiagnose.de\/2019\/04\/04\/konjunktur-deutlich-abgekuehlt-politische-risiken-hoch\/\">Gemeinschaftsdiagnose Fr\u00fchjahr 2019: Konjunktur deutlich abgek\u00fchlt \u2013 Politische Risiken hoch<\/A><\/B>,\" Gemeinschaftsdiagnose der f\u00fchrenden Wirtschaftsforschungsinstitute, Halle.<\/p>\n<p>2018, \"<B><A HREF=\"https:\/\/gemeinschaftsdiagnose.de\/2018\/09\/27\/gemeinschaftsdiagnose-herbst-2018-aufschwung-verliert-an-fahrt-weltwirtschaftliches-klima-wird-rauer\/\">Gemeinschaftsdiagnose Herbst 2018: Aufschwung verliert an Fahrt \u2013 Weltwirtschaftliches Klima wird rauer<\/A><\/B>,\" Gemeinschaftsdiagnose der f\u00fchrenden Wirtschaftsforschungsinstitute, Essen.<\/p>\n<p>2018, \"<B><A HREF=\"https:\/\/gemeinschaftsdiagnose.de\/2018\/04\/19\/gemeinschaftsdiagnose-fruehjahr-2018-deutsche-wirtschaft-im-boom-luft-wird-duenner\/\">Gemeinschaftsdiagnose Fr\u00fchjahr 2018: Deutsche Wirtschaft im Boom \u2013 Luft wird d\u00fcnner<\/A><\/B>,\" Gemeinschaftsdiagnose der f\u00fchrenden Wirtschaftsforschungsinstitute, M\u00fcnchen.<\/p>\n<p>2017, \"<B><A HREF=\"https:\/\/gemeinschaftsdiagnose.de\/2017\/09\/28\/aufschwung-weiter-kraeftig-anspannungen-nehmen-zu\/\">Gemeinschaftsdiagnose Herbst 2017: Aufschwung weiter kr\u00e4ftig \u2013 Anspannungen nehmen zu<\/A><\/B>,\" Gemeinschaftsdiagnose der f\u00fchrenden Wirtschaftsforschungsinstitute, Kiel.<\/p>\n<p>2017, \"<B><A HREF=\"https:\/\/gemeinschaftsdiagnose.de\/2017\/04\/12\/gemeinschaftsdiagnose-im-fruehjahr-2017-aufschwung-festigt-sich-trotz-weltwirtschaftlicher-risiken-2\/\">Gemeinschaftsdiagnose Fr\u00fchjahr 2017: Aufschwung festigt sich trotz weltwirtschaftlicher Risiken<\/A><\/B>,\" Gemeinschaftsdiagnose der f\u00fchrenden Wirtschaftsforschungsinstitute, Halle.<\/p>\n<p>2016, \"<B><A HREF=\"https:\/\/gemeinschaftsdiagnose.de\/2016\/09\/29\/gemeinschaftsdiagnose-herbst-2016-deutsche-wirtschaft-gut-ausgelastet-wirtschaftspolitik-neu-ausrichten\/\">Gemeinschaftsdiagnose Herbst 2016: Deutsche Wirtschaft gut ausgelastet \u2013 Wirtschaftspolitik neu ausrichten<\/A><\/B>,\" Gemeinschaftsdiagnose der f\u00fchrenden Wirtschaftsforschungsinstitute, Berlin.<\/p>\n<\/div><\/div><\/div><\/div><\/div>","protected":false},"excerpt":{"rendered":"<p>DIW Grundlinien2021, &#8220;Deutsche Wirtschaft: Konjunkturmotor springt an, aber Unwucht im Getriebe: Grundlinien der Wirtschaftsentwicklung im Sommer 2021,&#8221; DIW Wochenbericht, DIW<\/p>\n<p class=\"readmore\"><a href=\"https:\/\/mariusclemens.com\/?page_id=488\" title=\"Read Forecasts\">Read more &raquo;<\/a><\/p>\n","protected":false},"author":1,"featured_media":0,"parent":0,"menu_order":3,"comment_status":"closed","ping_status":"closed","template":"","meta":{"spay_email":""},"acf":[],"jetpack_sharing_enabled":true,"jetpack_shortlink":"https:\/\/wp.me\/P6wc3v-7S","_links":{"self":[{"href":"https:\/\/mariusclemens.com\/index.php?rest_route=\/wp\/v2\/pages\/488"}],"collection":[{"href":"https:\/\/mariusclemens.com\/index.php?rest_route=\/wp\/v2\/pages"}],"about":[{"href":"https:\/\/mariusclemens.com\/index.php?rest_route=\/wp\/v2\/types\/page"}],"author":[{"embeddable":true,"href":"https:\/\/mariusclemens.com\/index.php?rest_route=\/wp\/v2\/users\/1"}],"replies":[{"embeddable":true,"href":"https:\/\/mariusclemens.com\/index.php?rest_route=%2Fwp%2Fv2%2Fcomments&post=488"}],"version-history":[{"count":6,"href":"https:\/\/mariusclemens.com\/index.php?rest_route=\/wp\/v2\/pages\/488\/revisions"}],"predecessor-version":[{"id":497,"href":"https:\/\/mariusclemens.com\/index.php?rest_route=\/wp\/v2\/pages\/488\/revisions\/497"}],"wp:attachment":[{"href":"https:\/\/mariusclemens.com\/index.php?rest_route=%2Fwp%2Fv2%2Fmedia&parent=488"}],"curies":[{"name":"wp","href":"https:\/\/api.w.org\/{rel}","templated":true}]}}